{"id":91,"date":"2023-07-25T10:26:43","date_gmt":"2023-07-25T13:26:43","guid":{"rendered":"https:\/\/blog.fmb-advocacia.com.br\/?page_id=91"},"modified":"2023-07-25T11:02:45","modified_gmt":"2023-07-25T14:02:45","slug":"publicacoes","status":"publish","type":"page","link":"https:\/\/blog.fmb-advocacia.com.br\/index.php\/publicacoes\/","title":{"rendered":"Publica\u00e7\u00f5es"},"content":{"rendered":"\t\t<div data-elementor-type=\"wp-page\" data-elementor-id=\"91\" class=\"elementor elementor-91\" data-elementor-post-type=\"page\">\n\t\t\t\t\t\t<section class=\"elementor-section elementor-top-section elementor-element elementor-element-19d9c35d elementor-section-full_width elementor-section-height-min-height elementor-section-height-default elementor-section-items-middle\" data-id=\"19d9c35d\" data-element_type=\"section\" data-e-type=\"section\" data-settings=\"{&quot;background_background&quot;:&quot;classic&quot;,&quot;animation&quot;:&quot;none&quot;}\">\n\t\t\t\t\t\t\t<div class=\"elementor-background-overlay\"><\/div>\n\t\t\t\t\t\t\t<div class=\"elementor-container elementor-column-gap-default\">\n\t\t\t\t\t<div class=\"elementor-column elementor-col-100 elementor-top-column elementor-element elementor-element-ad46122\" data-id=\"ad46122\" data-element_type=\"column\" data-e-type=\"column\">\n\t\t\t<div class=\"elementor-widget-wrap elementor-element-populated\">\n\t\t\t\t\t\t<div class=\"elementor-element elementor-element-1c73745c elementor-widget elementor-widget-heading\" data-id=\"1c73745c\" data-element_type=\"widget\" data-e-type=\"widget\" data-widget_type=\"heading.default\">\n\t\t\t\t<div class=\"elementor-widget-container\">\n\t\t\t\t\t<h2 class=\"elementor-heading-title elementor-size-default\">Publica\u00e7\u00f5es Jur\u00eddicas<\/h2>\t\t\t\t<\/div>\n\t\t\t\t<\/div>\n\t\t\t\t\t<\/div>\n\t\t<\/div>\n\t\t\t\t\t<\/div>\n\t\t<\/section>\n\t\t\t\t<section class=\"elementor-section elementor-top-section elementor-element elementor-element-b25796b elementor-section-boxed elementor-section-height-default elementor-section-height-default\" data-id=\"b25796b\" data-element_type=\"section\" data-e-type=\"section\">\n\t\t\t\t\t\t<div class=\"elementor-container elementor-column-gap-default\">\n\t\t\t\t\t<div class=\"elementor-column elementor-col-100 elementor-top-column elementor-element elementor-element-1d7f1e6a\" data-id=\"1d7f1e6a\" data-element_type=\"column\" data-e-type=\"column\">\n\t\t\t<div class=\"elementor-widget-wrap elementor-element-populated\">\n\t\t\t\t\t\t<div class=\"elementor-element elementor-element-7ed26558 elementor-widget elementor-widget-eael-post-timeline\" data-id=\"7ed26558\" data-element_type=\"widget\" data-e-type=\"widget\" data-widget_type=\"eael-post-timeline.default\">\n\t\t\t\t<div class=\"elementor-widget-container\">\n\t\t\t\t\t<div id=\"eael-post-timeline-7ed26558\" class=\"eael-post-timeline timeline-layout-default eael-post-timeline-arrow-\">\n            <div class=\"eael-post-timeline eael-post-appender eael-post-appender-7ed26558\"><article class=\"eael-timeline-post eael-timeline-column\">\n    <div class=\"eael-timeline-bullet\"><\/div>\n    <div class=\"eael-timeline-post-inner\">\n        <a class=\"eael-timeline-post-link\" href=\"https:\/\/blog.fmb-advocacia.com.br\/index.php\/2023\/07\/25\/pensao-alimenticia-garantindo-o-sustento-e-o-bem-estar-das-criancas\/\" title=\"Pens\u00e3o Aliment\u00edcia &#8211; Garantindo o Sustento e o Bem-Estar das Crian\u00e7as\">\n            <time datetime=\"25\/07\/2023\">25\/07\/2023<\/time>\n            <div class=\"eael-timeline-post-image  attachment-medium_large size-medium_large\" style=\"background-image: url(https:\/\/blog.fmb-advocacia.com.br\/wp-content\/uploads\/2023\/07\/2023-004-768x576.jpg);\"><\/div><\/a>\n    <\/div>\n<\/article><article class=\"eael-timeline-post eael-timeline-column\">\n    <div class=\"eael-timeline-bullet\"><\/div>\n    <div class=\"eael-timeline-post-inner\">\n        <a class=\"eael-timeline-post-link\" href=\"https:\/\/blog.fmb-advocacia.com.br\/index.php\/2023\/07\/25\/o-que-e-mais-vantajoso-aposentadoria-por-idade-ou-invalidez\/\" title=\"O que \u00e9 mais vantajoso aposentadoria por idade ou invalidez?\">\n            <time datetime=\"25\/07\/2023\">25\/07\/2023<\/time>\n            <div class=\"eael-timeline-post-image  attachment-medium_large size-medium_large\" style=\"background-image: url(https:\/\/blog.fmb-advocacia.com.br\/wp-content\/uploads\/2023\/07\/2023-003-768x576.jpg);\"><\/div><\/a>\n    <\/div>\n<\/article><article class=\"eael-timeline-post eael-timeline-column\">\n    <div class=\"eael-timeline-bullet\"><\/div>\n    <div class=\"eael-timeline-post-inner\">\n        <a class=\"eael-timeline-post-link\" href=\"https:\/\/blog.fmb-advocacia.com.br\/index.php\/2023\/07\/25\/tipos-de-revisao-de-beneficios-do-inss-entenda-as-diferentes-modalidades\/\" title=\"Tipos de revis\u00e3o de benef\u00edcios do INSS: Entenda as diferentes modalidades\">\n            <time datetime=\"25\/07\/2023\">25\/07\/2023<\/time>\n            <div class=\"eael-timeline-post-image  attachment-medium_large size-medium_large\" style=\"background-image: url(https:\/\/blog.fmb-advocacia.com.br\/wp-content\/uploads\/2023\/07\/2023-002-768x576.jpg);\"><\/div><\/a>\n    <\/div>\n<\/article><article class=\"eael-timeline-post eael-timeline-column\">\n    <div class=\"eael-timeline-bullet\"><\/div>\n    <div class=\"eael-timeline-post-inner\">\n        <a class=\"eael-timeline-post-link\" href=\"https:\/\/blog.fmb-advocacia.com.br\/index.php\/2023\/07\/25\/revisao-da-vida-toda\/\" title=\"Revis\u00e3o da Vida Toda\">\n            <time datetime=\"25\/07\/2023\">25\/07\/2023<\/time>\n            <div class=\"eael-timeline-post-image  attachment-medium_large size-medium_large\" style=\"background-image: url(https:\/\/blog.fmb-advocacia.com.br\/wp-content\/uploads\/2023\/07\/2023-001-768x576.jpg);\"><\/div><\/a>\n    <\/div>\n<\/article><\/div>\n\t\t<\/div>\t\t\t\t<\/div>\n\t\t\t\t<\/div>\n\t\t\t\t\t<\/div>\n\t\t<\/div>\n\t\t\t\t\t<\/div>\n\t\t<\/section>\n\t\t\t\t<\/div>\n\t\t","protected":false},"excerpt":{"rendered":"<p>Publica\u00e7\u00f5es Jur\u00eddicas 25 de julho de 2023<\/p>\n","protected":false},"author":1,"featured_media":0,"parent":0,"menu_order":0,"comment_status":"closed","ping_status":"closed","template":"elementor_header_footer","meta":{"_joinchat":[],"footnotes":""},"class_list":["post-91","page","type-page","status-publish","hentry","entry","has-media"],"_links":{"self":[{"href":"https:\/\/blog.fmb-advocacia.com.br\/index.php\/wp-json\/wp\/v2\/pages\/91","targetHints":{"allow":["GET"]}}],"collection":[{"href":"https:\/\/blog.fmb-advocacia.com.br\/index.php\/wp-json\/wp\/v2\/pages"}],"about":[{"href":"https:\/\/blog.fmb-advocacia.com.br\/index.php\/wp-json\/wp\/v2\/types\/page"}],"author":[{"embeddable":true,"href":"https:\/\/blog.fmb-advocacia.com.br\/index.php\/wp-json\/wp\/v2\/users\/1"}],"replies":[{"embeddable":true,"href":"https:\/\/blog.fmb-advocacia.com.br\/index.php\/wp-json\/wp\/v2\/comments?post=91"}],"version-history":[{"count":7,"href":"https:\/\/blog.fmb-advocacia.com.br\/index.php\/wp-json\/wp\/v2\/pages\/91\/revisions"}],"predecessor-version":[{"id":111,"href":"https:\/\/blog.fmb-advocacia.com.br\/index.php\/wp-json\/wp\/v2\/pages\/91\/revisions\/111"}],"wp:attachment":[{"href":"https:\/\/blog.fmb-advocacia.com.br\/index.php\/wp-json\/wp\/v2\/media?parent=91"}],"curies":[{"name":"wp","href":"https:\/\/api.w.org\/{rel}","templated":true}]}}